{"id":1674,"date":"2010-02-08T21:00:39","date_gmt":"2010-02-08T12:00:39","guid":{"rendered":"http:\/\/bryan.fredricks.net\/blog\/?page_id=1674"},"modified":"2010-02-08T21:18:20","modified_gmt":"2010-02-08T12:18:20","slug":"contact","status":"publish","type":"page","link":"https:\/\/bryan.fredricks.net\/blog\/?page_id=1674","title":{"rendered":"Contact"},"content":{"rendered":"<p>Here&#8217;s our latest contact information:<\/p>\n<p>Address:<br \/>\n660-13 Okubo<br \/>\nOkubo-cho Akashi-shi Hyogo-ken<br \/>\nJapan 674-0051<\/p>\n<p>In Japanese:<\/p>\n<p>\u00ef\u00bc\u2013\u00ef\u00bc\u2014\u00ef\u00bc\u201d\u00ef\u00bc\u008d\u00ef\u00bc\u0090\u00ef\u00bc\u0090\u00ef\u00bc\u2022\u00ef\u00bc\u2018\u00e5\u2026\u00b5\u00e5\u00ba\u00ab\u00e7\u0153\u0152\u00e6\u02dc\u017d\u00e7\u0178\u00b3\u00e5\u00b8\u201a\u00e5\u00a4\u00a7\u00e4\u00b9\u2026\u00e4\u00bf\u009d\u00e7\u201d\u00ba\u00e5\u00a4\u00a7\u00e7\u00aa\u00aa\u00ef\u00bc\u2013\u00ef\u00bc\u2013\u00ef\u00bc\u0090\u00ef\u00bc\u008d\u00ef\u00bc\u2018\u00ef\u00bc\u201c<\/p>\n<p>Our phone number is 078-935-2825<\/p>\n<p>You can email me at: bfredricks (at) gmail.com<\/p>\n","protected":false},"excerpt":{"rendered":"<p>Here&#8217;s our latest contact information: Address: 660-13 Okubo Okubo-cho Akashi-shi Hyogo-ken Japan 674-0051 In Japanese: \u00ef\u00bc\u2013\u00ef\u00bc\u2014\u00ef\u00bc\u201d\u00ef\u00bc\u008d\u00ef\u00bc\u0090\u00ef\u00bc\u0090\u00ef\u00bc\u2022\u00ef\u00bc\u2018\u00e5\u2026\u00b5\u00e5\u00ba\u00ab\u00e7\u0153\u0152\u00e6\u02dc\u017d\u00e7\u0178\u00b3\u00e5\u00b8\u201a\u00e5\u00a4\u00a7\u00e4\u00b9\u2026\u00e4\u00bf\u009d\u00e7\u201d\u00ba\u00e5\u00a4\u00a7\u00e7\u00aa\u00aa\u00ef\u00bc\u2013\u00ef\u00bc\u2013\u00ef\u00bc\u0090\u00ef\u00bc\u008d\u00ef\u00bc\u2018\u00ef\u00bc\u201c Our phone number is 078-935-2825 You can email me at: bfredricks (at) gmail.com<\/p>\n","protected":false},"author":1,"featured_media":0,"parent":0,"menu_order":0,"comment_status":"open","ping_status":"open","template":"","meta":{"jetpack_post_was_ever_published":false,"footnotes":""},"class_list":["post-1674","page","type-page","status-publish","hentry"],"jetpack_sharing_enabled":true,"jetpack_shortlink":"https:\/\/wp.me\/POpl7-r0","_links":{"self":[{"href":"https:\/\/bryan.fredricks.net\/blog\/index.php?rest_route=\/wp\/v2\/pages\/1674","targetHints":{"allow":["GET"]}}],"collection":[{"href":"https:\/\/bryan.fredricks.net\/blog\/index.php?rest_route=\/wp\/v2\/pages"}],"about":[{"href":"https:\/\/bryan.fredricks.net\/blog\/index.php?rest_route=\/wp\/v2\/types\/page"}],"author":[{"embeddable":true,"href":"https:\/\/bryan.fredricks.net\/blog\/index.php?rest_route=\/wp\/v2\/users\/1"}],"replies":[{"embeddable":true,"href":"https:\/\/bryan.fredricks.net\/blog\/index.php?rest_route=%2Fwp%2Fv2%2Fcomments&post=1674"}],"version-history":[{"count":0,"href":"https:\/\/bryan.fredricks.net\/blog\/index.php?rest_route=\/wp\/v2\/pages\/1674\/revisions"}],"wp:attachment":[{"href":"https:\/\/bryan.fredricks.net\/blog\/index.php?rest_route=%2Fwp%2Fv2%2Fmedia&parent=1674"}],"curies":[{"name":"wp","href":"https:\/\/api.w.org\/{rel}","templated":true}]}}